{"id":6390,"date":"2021-04-11T09:27:41","date_gmt":"2021-04-11T07:27:41","guid":{"rendered":"https:\/\/flexlite.it\/nw_fx21\/verio-solar\/"},"modified":"2021-06-21T14:31:37","modified_gmt":"2021-06-21T12:31:37","slug":"verio-solar","status":"publish","type":"page","link":"https:\/\/flexlite.it\/en\/verio-solar\/","title":{"rendered":"V\u00e8rio solar"},"content":{"rendered":"\t\t<div data-elementor-type=\"wp-page\" data-elementor-id=\"6390\" class=\"elementor elementor-6390 elementor-3822\">\n\t\t\t\t\t\t<div class=\"elementor-inner\">\n\t\t\t\t<div class=\"elementor-section-wrap\">\n\t\t\t\t\t\t\t\t\t<section class=\"elementor-section elementor-top-section elementor-element elementor-element-25b6d80 elementor-section-stretched elementor-section-boxed elementor-section-height-default elementor-section-height-default\" data-id=\"25b6d80\" data-element_type=\"section\" data-settings=\"{&quot;stretch_section&quot;:&quot;section-stretched&quot;}\">\n\t\t\t\t\t\t<div class=\"elementor-container elementor-column-gap-thegem\">\n\t\t\t\t\t\t\t<div class=\"elementor-row\">\n\t\t\t\t\t<div class=\"elementor-column elementor-col-100 elementor-top-column elementor-element elementor-element-fd93006\" data-id=\"fd93006\" data-element_type=\"column\" data-settings=\"{&quot;background_background&quot;:&quot;classic&quot;}\">\n\t\t\t<div class=\"elementor-column-wrap elementor-element-populated\">\n\t\t\t\t\t\t\t<div class=\"elementor-widget-wrap\">\n\t\t\t\t\t\t<div class=\"elementor-element elementor-element-d8457b0 flex-horizontal-align-default flex-horizontal-align-tablet-default flex-horizontal-align-mobile-default flex-vertical-align-default flex-vertical-align-tablet-default flex-vertical-align-mobile-default elementor-widget elementor-widget-heading\" data-id=\"d8457b0\" data-element_type=\"widget\" data-widget_type=\"heading.default\">\n\t\t\t\t<div class=\"elementor-widget-container\">\n\t\t\t<h1 class=\"elementor-heading-title elementor-size-xxl\">V\u00e8rio solar<\/h1>\t\t<\/div>\n\t\t\t\t<\/div>\n\t\t\t\t<div class=\"elementor-element elementor-element-0c6c263 elementor-widget-divider--view-line flex-horizontal-align-default flex-horizontal-align-tablet-default flex-horizontal-align-mobile-default flex-vertical-align-default flex-vertical-align-tablet-default flex-vertical-align-mobile-default elementor-widget elementor-widget-divider\" data-id=\"0c6c263\" data-element_type=\"widget\" data-widget_type=\"divider.default\">\n\t\t\t\t<div class=\"elementor-widget-container\">\n\t\t\t\t\t<div class=\"elementor-divider\">\n\t\t\t<span class=\"elementor-divider-separator\">\n\t\t\t\t\t\t<\/span>\n\t\t<\/div>\n\t\t\t\t<\/div>\n\t\t\t\t<\/div>\n\t\t\t\t\t\t<\/div>\n\t\t\t\t\t<\/div>\n\t\t<\/div>\n\t\t\t\t\t\t\t\t<\/div>\n\t\t\t\t\t<\/div>\n\t\t<\/section>\n\t\t\t\t<section class=\"elementor-section elementor-top-section elementor-element elementor-element-648670df elementor-section-stretched elementor-section-full_width elementor-section-height-default elementor-section-height-default\" data-id=\"648670df\" data-element_type=\"section\" data-settings=\"{&quot;stretch_section&quot;:&quot;section-stretched&quot;}\">\n\t\t\t\t\t\t<div class=\"elementor-container elementor-column-gap-no\">\n\t\t\t\t\t\t\t<div class=\"elementor-row\">\n\t\t\t\t\t<div class=\"elementor-column elementor-col-50 elementor-top-column elementor-element elementor-element-1c8810c1\" data-id=\"1c8810c1\" data-element_type=\"column\" data-settings=\"{&quot;background_background&quot;:&quot;classic&quot;}\">\n\t\t\t<div class=\"elementor-column-wrap elementor-element-populated\">\n\t\t\t\t\t\t\t<div class=\"elementor-widget-wrap\">\n\t\t\t\t\t\t<div class=\"elementor-element elementor-element-39d3582 flex-horizontal-align-default flex-horizontal-align-tablet-default flex-horizontal-align-mobile-default flex-vertical-align-default flex-vertical-align-tablet-default flex-vertical-align-mobile-default elementor-widget elementor-widget-spacer\" data-id=\"39d3582\" data-element_type=\"widget\" data-widget_type=\"spacer.default\">\n\t\t\t\t<div class=\"elementor-widget-container\">\n\t\t\t\t\t<div class=\"elementor-spacer\">\n\t\t\t<div class=\"elementor-spacer-inner\"><\/div>\n\t\t<\/div>\n\t\t\t\t<\/div>\n\t\t\t\t<\/div>\n\t\t\t\t\t\t<\/div>\n\t\t\t\t\t<\/div>\n\t\t<\/div>\n\t\t\t\t<div class=\"elementor-column elementor-col-50 elementor-top-column elementor-element elementor-element-437de641\" data-id=\"437de641\" data-element_type=\"column\" data-settings=\"{&quot;background_background&quot;:&quot;classic&quot;}\">\n\t\t\t<div class=\"elementor-column-wrap elementor-element-populated\">\n\t\t\t\t\t\t\t<div class=\"elementor-widget-wrap\">\n\t\t\t\t\t\t<div class=\"elementor-element elementor-element-54f16642 flex-horizontal-align-default flex-horizontal-align-tablet-default flex-horizontal-align-mobile-default flex-vertical-align-default flex-vertical-align-tablet-default flex-vertical-align-mobile-default elementor-widget elementor-widget-heading\" data-id=\"54f16642\" data-element_type=\"widget\" data-widget_type=\"heading.default\">\n\t\t\t\t<div class=\"elementor-widget-container\">\n\t\t\t<h2 class=\"elementor-heading-title elementor-size-default\">Make the most out of the sun.<\/h2>\t\t<\/div>\n\t\t\t\t<\/div>\n\t\t\t\t<div class=\"elementor-element elementor-element-42b691 flex-horizontal-align-default flex-horizontal-align-tablet-default flex-horizontal-align-mobile-default flex-vertical-align-default flex-vertical-align-tablet-default flex-vertical-align-mobile-default elementor-widget elementor-widget-text-editor\" data-id=\"42b691\" data-element_type=\"widget\" data-widget_type=\"text-editor.default\">\n\t\t\t\t<div class=\"elementor-widget-container\">\n\t\t\t\t\t\t\t\t<div class=\"elementor-text-editor elementor-clearfix\">\n\t\t\t\t<p>V\u00e8rio protects against UV rays: this means first of all eliminating the harmful effects of solar radiation. What\u2019s more, controlling solar radiation, by changing the transparency of the glass, allows substantial thermal advantages, exploiting the heat of the sun in winter, and limiting it in summer. The result is a better quality of the workplace and living environment.<\/p>\t\t\t\t\t<\/div>\n\t\t\t\t\t\t<\/div>\n\t\t\t\t<\/div>\n\t\t\t\t\t\t<\/div>\n\t\t\t\t\t<\/div>\n\t\t<\/div>\n\t\t\t\t\t\t\t\t<\/div>\n\t\t\t\t\t<\/div>\n\t\t<\/section>\n\t\t\t\t<section class=\"elementor-section elementor-top-section elementor-element elementor-element-f3c015a elementor-section-stretched elementor-section-boxed elementor-section-height-default elementor-section-height-default\" data-id=\"f3c015a\" data-element_type=\"section\" data-settings=\"{&quot;stretch_section&quot;:&quot;section-stretched&quot;}\">\n\t\t\t\t\t\t<div class=\"elementor-container elementor-column-gap-thegem\">\n\t\t\t\t\t\t\t<div class=\"elementor-row\">\n\t\t\t\t\t<div class=\"elementor-column elementor-col-100 elementor-top-column elementor-element elementor-element-52c1e4d1\" data-id=\"52c1e4d1\" data-element_type=\"column\" data-settings=\"{&quot;background_background&quot;:&quot;classic&quot;}\">\n\t\t\t<div class=\"elementor-column-wrap elementor-element-populated\">\n\t\t\t\t\t\t\t<div class=\"elementor-widget-wrap\">\n\t\t\t\t\t\t<div class=\"elementor-element elementor-element-2bd10b8d flex-horizontal-align-default flex-horizontal-align-tablet-default flex-horizontal-align-mobile-default flex-vertical-align-default flex-vertical-align-tablet-default flex-vertical-align-mobile-default elementor-widget elementor-widget-heading\" data-id=\"2bd10b8d\" data-element_type=\"widget\" data-widget_type=\"heading.default\">\n\t\t\t\t<div class=\"elementor-widget-container\">\n\t\t\t<h2 class=\"elementor-heading-title elementor-size-xl\">V\u00e8rio, LCD glass, thermal protection and advantages<\/h2>\t\t<\/div>\n\t\t\t\t<\/div>\n\t\t\t\t<section class=\"elementor-section elementor-inner-section elementor-element elementor-element-6fd221e4 elementor-section-boxed elementor-section-height-default elementor-section-height-default\" data-id=\"6fd221e4\" data-element_type=\"section\">\n\t\t\t\t\t\t<div class=\"elementor-container elementor-column-gap-thegem\">\n\t\t\t\t\t\t\t<div class=\"elementor-row\">\n\t\t\t\t\t<div class=\"elementor-column elementor-col-100 elementor-inner-column elementor-element elementor-element-150ce622\" data-id=\"150ce622\" data-element_type=\"column\">\n\t\t\t<div class=\"elementor-column-wrap elementor-element-populated\">\n\t\t\t\t\t\t\t<div class=\"elementor-widget-wrap\">\n\t\t\t\t\t\t<div class=\"elementor-element elementor-element-6ab609b6 flex-horizontal-align-default flex-horizontal-align-tablet-default flex-horizontal-align-mobile-default flex-vertical-align-default flex-vertical-align-tablet-default flex-vertical-align-mobile-default elementor-widget elementor-widget-text-editor\" data-id=\"6ab609b6\" data-element_type=\"widget\" data-widget_type=\"text-editor.default\">\n\t\t\t\t<div class=\"elementor-widget-container\">\n\t\t\t\t\t\t\t\t<div class=\"elementor-text-editor elementor-clearfix\">\n\t\t\t\t<h4>Welfare<\/h4><p>The V\u00e8rio LCD technology blackout glass contributes to enhancing the well-being of the environment thanks to its specifications, in fact its ability to filter light in a regulated and controllable way leads to a lower cost for the conditioning of the rooms in the summer or to a more effective irradiation in the winter months; its glass surface is also easily sanitized and by reducing the light without the use of curtains it is particularly suitable in healthcare facilities.<\/p>\t\t\t\t\t<\/div>\n\t\t\t\t\t\t<\/div>\n\t\t\t\t<\/div>\n\t\t\t\t\t\t<\/div>\n\t\t\t\t\t<\/div>\n\t\t<\/div>\n\t\t\t\t\t\t\t\t<\/div>\n\t\t\t\t\t<\/div>\n\t\t<\/section>\n\t\t\t\t<div class=\"elementor-element elementor-element-6a7552e elementor-widget-divider--view-line flex-horizontal-align-default flex-horizontal-align-tablet-default flex-horizontal-align-mobile-default flex-vertical-align-default flex-vertical-align-tablet-default flex-vertical-align-mobile-default elementor-widget elementor-widget-divider\" data-id=\"6a7552e\" data-element_type=\"widget\" data-widget_type=\"divider.default\">\n\t\t\t\t<div class=\"elementor-widget-container\">\n\t\t\t\t\t<div class=\"elementor-divider\">\n\t\t\t<span class=\"elementor-divider-separator\">\n\t\t\t\t\t\t<\/span>\n\t\t<\/div>\n\t\t\t\t<\/div>\n\t\t\t\t<\/div>\n\t\t\t\t\t\t<\/div>\n\t\t\t\t\t<\/div>\n\t\t<\/div>\n\t\t\t\t\t\t\t\t<\/div>\n\t\t\t\t\t<\/div>\n\t\t<\/section>\n\t\t\t\t<section class=\"elementor-section elementor-top-section elementor-element elementor-element-5a0bd94 elementor-section-stretched elementor-section-full_width elementor-section-height-default elementor-section-height-default\" data-id=\"5a0bd94\" data-element_type=\"section\" data-settings=\"{&quot;stretch_section&quot;:&quot;section-stretched&quot;}\">\n\t\t\t\t\t\t<div class=\"elementor-container elementor-column-gap-no\">\n\t\t\t\t\t\t\t<div class=\"elementor-row\">\n\t\t\t\t\t<div class=\"elementor-column elementor-col-100 elementor-top-column elementor-element elementor-element-e677436\" data-id=\"e677436\" data-element_type=\"column\" data-settings=\"{&quot;background_background&quot;:&quot;classic&quot;}\">\n\t\t\t<div class=\"elementor-column-wrap elementor-element-populated\">\n\t\t\t\t\t\t\t<div class=\"elementor-widget-wrap\">\n\t\t\t\t\t\t<div class=\"elementor-element elementor-element-2ab49f5 flex-horizontal-align-default flex-horizontal-align-tablet-default flex-horizontal-align-mobile-default flex-vertical-align-default flex-vertical-align-tablet-default flex-vertical-align-mobile-default elementor-widget elementor-widget-thegem-cta\" data-id=\"2ab49f5\" data-element_type=\"widget\" data-settings=\"{&quot;thegem_elementor_preset&quot;:&quot;left-aligned&quot;}\" data-widget_type=\"thegem-cta.default\">\n\t\t\t\t<div class=\"elementor-widget-container\">\n\t\t\t\n<div class=\"gem-alert-box\">\n\n\t\n\t\t<div class=\"gem-alert-box-top gem-alert-box-top-none default-fill\">\n\t\t\t\t\t<\/div>\n\t\n\t<div class=\"gem-alert-inner button-right-inline\">\n\n\t\t\t\n\n\t\t\t\n\t\t\t<div class=\"gem-alert-box-content\">\n\t\t\t\t\t\t\t\t\t\n\t\t\t\t<h3 class=\"gem-cta-title title-h3 bold\">\n\t\t\t\t\tFOR MORE INORMATIONS\t\t\t\t<\/h3>\n\n\t\t\t\n\n\t\t\t\n\t\t\t\t\t<\/div>\n\n\t\t\t<div class=\"gem-alert-box-buttons\">\n\t\t\t\t\n\t\t\t\t\t\t\t\t\t\t\t<div class=\"gem-button-container-1 gem-widget-button\">\n\t\t\t\t\t\t\t\t\t\t<a class=\"gem-button gem-button-size-medium gem-button-text-weight-bold gem-button-style-flat\" href=\"https:\/\/flexlite.it\/en\/contacts\/\">\n\t\t\t\t\t\t<span class=\"gem-inner-wrapper-btn\">\n\t\t\t\t\t\t\t\t\t\t\t\t\t\t<span class=\"gem-text-button\">\n\t\t\t\t\t\t\t\tCONTACT US\t\t\t\t\t\t\t<\/span>\n\t\t\t\t\t\t<\/span>\n\t\t\t\t\t<\/a>\n\t\t\t\t<\/div>\n\t\t\t\n\t\t\t\t\t\t<\/div>\n\n\t\t\t\n\n\t<\/div>\n\n\t\n\t\t<div class=\"gem-alert-box-bottom gem-alert-box-bottom-none default-fill\">\n\t\t\t\t<\/div>\n\t<\/div>\t\t<\/div>\n\t\t\t\t<\/div>\n\t\t\t\t\t\t<\/div>\n\t\t\t\t\t<\/div>\n\t\t<\/div>\n\t\t\t\t\t\t\t\t<\/div>\n\t\t\t\t\t<\/div>\n\t\t<\/section>\n\t\t\t\t\t\t\t\t\t<\/div>\n\t\t\t<\/div>\n\t\t\t\t\t<\/div>\n\t\t","protected":false},"excerpt":{"rendered":"<p>V\u00e8rio solar Make the most out of the sun. V\u00e8rio protects against UV rays: this means first of all eliminating&#8230;<\/p>\n","protected":false},"author":2,"featured_media":5087,"parent":0,"menu_order":0,"comment_status":"closed","ping_status":"closed","template":"page-fullwidth.php","meta":{"footnotes":""},"class_list":["post-6390","page","type-page","status-publish","has-post-thumbnail"],"yoast_head":"<!-- This site is optimized with the Yoast SEO plugin v19.9 - https:\/\/yoast.com\/wordpress\/plugins\/seo\/ -->\n<title>V\u00e8rio solar - V\u00e8rio Smart Glass protects against UV rays<\/title>\n<meta name=\"description\" content=\"Make the most out of the sun. V\u00e8rio protects against UV rays: this means first of all eliminating the harmful effects of solar radiation.\" \/>\n<meta name=\"robots\" content=\"index, follow, max-snippet:-1, max-image-preview:large, max-video-preview:-1\" \/>\n<link rel=\"canonical\" href=\"https:\/\/flexlite.it\/en\/verio-solar\/\" \/>\n<meta property=\"og:locale\" content=\"en_US\" \/>\n<meta property=\"og:type\" content=\"article\" \/>\n<meta property=\"og:title\" content=\"V\u00e8rio solar - V\u00e8rio Smart Glass protects against UV rays\" \/>\n<meta property=\"og:description\" content=\"Make the most out of the sun. V\u00e8rio protects against UV rays: this means first of all eliminating the harmful effects of solar radiation.\" \/>\n<meta property=\"og:url\" content=\"https:\/\/flexlite.it\/en\/verio-solar\/\" \/>\n<meta property=\"og:site_name\" content=\"Flexlite\" \/>\n<meta property=\"article:modified_time\" content=\"2021-06-21T12:31:37+00:00\" \/>\n<meta property=\"og:image\" content=\"https:\/\/i0.wp.com\/flexlite.it\/wp-content\/uploads\/2021\/04\/Verio_3.jpg?fit=653%2C870&ssl=1\" \/>\n\t<meta property=\"og:image:width\" content=\"653\" \/>\n\t<meta property=\"og:image:height\" content=\"870\" \/>\n\t<meta property=\"og:image:type\" content=\"image\/jpeg\" \/>\n<meta name=\"twitter:card\" content=\"summary_large_image\" \/>\n<meta name=\"twitter:label1\" content=\"Est. reading time\" \/>\n\t<meta name=\"twitter:data1\" content=\"1 minute\" \/>\n<script type=\"application\/ld+json\" class=\"yoast-schema-graph\">{\"@context\":\"https:\/\/schema.org\",\"@graph\":[{\"@type\":\"WebPage\",\"@id\":\"https:\/\/flexlite.it\/en\/verio-solar\/\",\"url\":\"https:\/\/flexlite.it\/en\/verio-solar\/\",\"name\":\"V\u00e8rio solar - V\u00e8rio Smart Glass protects against UV rays\",\"isPartOf\":{\"@id\":\"https:\/\/flexlite.it\/#website\"},\"datePublished\":\"2021-04-11T07:27:41+00:00\",\"dateModified\":\"2021-06-21T12:31:37+00:00\",\"description\":\"Make the most out of the sun. V\u00e8rio protects against UV rays: this means first of all eliminating the harmful effects of solar radiation.\",\"breadcrumb\":{\"@id\":\"https:\/\/flexlite.it\/en\/verio-solar\/#breadcrumb\"},\"inLanguage\":\"en-US\",\"potentialAction\":[{\"@type\":\"ReadAction\",\"target\":[\"https:\/\/flexlite.it\/en\/verio-solar\/\"]}]},{\"@type\":\"BreadcrumbList\",\"@id\":\"https:\/\/flexlite.it\/en\/verio-solar\/#breadcrumb\",\"itemListElement\":[{\"@type\":\"ListItem\",\"position\":1,\"name\":\"Home\",\"item\":\"https:\/\/flexlite.it\/en\/\"},{\"@type\":\"ListItem\",\"position\":2,\"name\":\"V\u00e8rio solar\"}]},{\"@type\":\"WebSite\",\"@id\":\"https:\/\/flexlite.it\/#website\",\"url\":\"https:\/\/flexlite.it\/\",\"name\":\"Flexlite\",\"description\":\"Lighting Surfaces dal 2008\",\"potentialAction\":[{\"@type\":\"SearchAction\",\"target\":{\"@type\":\"EntryPoint\",\"urlTemplate\":\"https:\/\/flexlite.it\/?s={search_term_string}\"},\"query-input\":\"required name=search_term_string\"}],\"inLanguage\":\"en-US\"}]}<\/script>\n<!-- \/ Yoast SEO plugin. -->","yoast_head_json":{"title":"V\u00e8rio solar - V\u00e8rio Smart Glass protects against UV rays","description":"Make the most out of the sun. V\u00e8rio protects against UV rays: this means first of all eliminating the harmful effects of solar radiation.","robots":{"index":"index","follow":"follow","max-snippet":"max-snippet:-1","max-image-preview":"max-image-preview:large","max-video-preview":"max-video-preview:-1"},"canonical":"https:\/\/flexlite.it\/en\/verio-solar\/","og_locale":"en_US","og_type":"article","og_title":"V\u00e8rio solar - V\u00e8rio Smart Glass protects against UV rays","og_description":"Make the most out of the sun. V\u00e8rio protects against UV rays: this means first of all eliminating the harmful effects of solar radiation.","og_url":"https:\/\/flexlite.it\/en\/verio-solar\/","og_site_name":"Flexlite","article_modified_time":"2021-06-21T12:31:37+00:00","og_image":[{"width":653,"height":870,"url":"https:\/\/i0.wp.com\/flexlite.it\/wp-content\/uploads\/2021\/04\/Verio_3.jpg?fit=653%2C870&ssl=1","type":"image\/jpeg"}],"twitter_card":"summary_large_image","twitter_misc":{"Est. reading time":"1 minute"},"schema":{"@context":"https:\/\/schema.org","@graph":[{"@type":"WebPage","@id":"https:\/\/flexlite.it\/en\/verio-solar\/","url":"https:\/\/flexlite.it\/en\/verio-solar\/","name":"V\u00e8rio solar - V\u00e8rio Smart Glass protects against UV rays","isPartOf":{"@id":"https:\/\/flexlite.it\/#website"},"datePublished":"2021-04-11T07:27:41+00:00","dateModified":"2021-06-21T12:31:37+00:00","description":"Make the most out of the sun. V\u00e8rio protects against UV rays: this means first of all eliminating the harmful effects of solar radiation.","breadcrumb":{"@id":"https:\/\/flexlite.it\/en\/verio-solar\/#breadcrumb"},"inLanguage":"en-US","potentialAction":[{"@type":"ReadAction","target":["https:\/\/flexlite.it\/en\/verio-solar\/"]}]},{"@type":"BreadcrumbList","@id":"https:\/\/flexlite.it\/en\/verio-solar\/#breadcrumb","itemListElement":[{"@type":"ListItem","position":1,"name":"Home","item":"https:\/\/flexlite.it\/en\/"},{"@type":"ListItem","position":2,"name":"V\u00e8rio solar"}]},{"@type":"WebSite","@id":"https:\/\/flexlite.it\/#website","url":"https:\/\/flexlite.it\/","name":"Flexlite","description":"Lighting Surfaces dal 2008","potentialAction":[{"@type":"SearchAction","target":{"@type":"EntryPoint","urlTemplate":"https:\/\/flexlite.it\/?s={search_term_string}"},"query-input":"required name=search_term_string"}],"inLanguage":"en-US"}]}},"_links":{"self":[{"href":"https:\/\/flexlite.it\/en\/wp-json\/wp\/v2\/pages\/6390","targetHints":{"allow":["GET"]}}],"collection":[{"href":"https:\/\/flexlite.it\/en\/wp-json\/wp\/v2\/pages"}],"about":[{"href":"https:\/\/flexlite.it\/en\/wp-json\/wp\/v2\/types\/page"}],"author":[{"embeddable":true,"href":"https:\/\/flexlite.it\/en\/wp-json\/wp\/v2\/users\/2"}],"replies":[{"embeddable":true,"href":"https:\/\/flexlite.it\/en\/wp-json\/wp\/v2\/comments?post=6390"}],"version-history":[{"count":23,"href":"https:\/\/flexlite.it\/en\/wp-json\/wp\/v2\/pages\/6390\/revisions"}],"predecessor-version":[{"id":10959,"href":"https:\/\/flexlite.it\/en\/wp-json\/wp\/v2\/pages\/6390\/revisions\/10959"}],"wp:featuredmedia":[{"embeddable":true,"href":"https:\/\/flexlite.it\/en\/wp-json\/wp\/v2\/media\/5087"}],"wp:attachment":[{"href":"https:\/\/flexlite.it\/en\/wp-json\/wp\/v2\/media?parent=6390"}],"curies":[{"name":"wp","href":"https:\/\/api.w.org\/{rel}","templated":true}]}}