{"id":6391,"date":"2021-04-11T09:34:03","date_gmt":"2021-04-11T07:34:03","guid":{"rendered":"https:\/\/flexlite.it\/nw_fx21\/verio-yacht\/"},"modified":"2021-06-21T14:33:34","modified_gmt":"2021-06-21T12:33:34","slug":"verio-yacht","status":"publish","type":"page","link":"https:\/\/flexlite.it\/en\/verio-yacht\/","title":{"rendered":"V\u00e8rio yacht"},"content":{"rendered":"\t\t<div data-elementor-type=\"wp-page\" data-elementor-id=\"6391\" class=\"elementor elementor-6391 elementor-3845\">\n\t\t\t\t\t\t<div class=\"elementor-inner\">\n\t\t\t\t<div class=\"elementor-section-wrap\">\n\t\t\t\t\t\t\t\t\t<section class=\"elementor-section elementor-top-section elementor-element elementor-element-c323d93 elementor-section-stretched elementor-section-boxed elementor-section-height-default elementor-section-height-default\" data-id=\"c323d93\" data-element_type=\"section\" data-settings=\"{&quot;stretch_section&quot;:&quot;section-stretched&quot;}\">\n\t\t\t\t\t\t<div class=\"elementor-container elementor-column-gap-thegem\">\n\t\t\t\t\t\t\t<div class=\"elementor-row\">\n\t\t\t\t\t<div class=\"elementor-column elementor-col-100 elementor-top-column elementor-element elementor-element-2901970\" data-id=\"2901970\" data-element_type=\"column\" data-settings=\"{&quot;background_background&quot;:&quot;classic&quot;}\">\n\t\t\t<div class=\"elementor-column-wrap elementor-element-populated\">\n\t\t\t\t\t\t\t<div class=\"elementor-widget-wrap\">\n\t\t\t\t\t\t<div class=\"elementor-element elementor-element-7d6c087 flex-horizontal-align-default flex-horizontal-align-tablet-default flex-horizontal-align-mobile-default flex-vertical-align-default flex-vertical-align-tablet-default flex-vertical-align-mobile-default elementor-widget elementor-widget-heading\" data-id=\"7d6c087\" data-element_type=\"widget\" data-widget_type=\"heading.default\">\n\t\t\t\t<div class=\"elementor-widget-container\">\n\t\t\t<h1 class=\"elementor-heading-title elementor-size-xxl\">V\u00e8rio yacht<\/h1>\t\t<\/div>\n\t\t\t\t<\/div>\n\t\t\t\t<div class=\"elementor-element elementor-element-d279f58 elementor-widget-divider--view-line flex-horizontal-align-default flex-horizontal-align-tablet-default flex-horizontal-align-mobile-default flex-vertical-align-default flex-vertical-align-tablet-default flex-vertical-align-mobile-default elementor-widget elementor-widget-divider\" data-id=\"d279f58\" data-element_type=\"widget\" data-widget_type=\"divider.default\">\n\t\t\t\t<div class=\"elementor-widget-container\">\n\t\t\t\t\t<div class=\"elementor-divider\">\n\t\t\t<span class=\"elementor-divider-separator\">\n\t\t\t\t\t\t<\/span>\n\t\t<\/div>\n\t\t\t\t<\/div>\n\t\t\t\t<\/div>\n\t\t\t\t\t\t<\/div>\n\t\t\t\t\t<\/div>\n\t\t<\/div>\n\t\t\t\t\t\t\t\t<\/div>\n\t\t\t\t\t<\/div>\n\t\t<\/section>\n\t\t\t\t<section class=\"elementor-section elementor-top-section elementor-element elementor-element-78c8700d elementor-section-stretched elementor-section-full_width elementor-section-height-default elementor-section-height-default\" data-id=\"78c8700d\" data-element_type=\"section\" data-settings=\"{&quot;stretch_section&quot;:&quot;section-stretched&quot;}\">\n\t\t\t\t\t\t<div class=\"elementor-container elementor-column-gap-no\">\n\t\t\t\t\t\t\t<div class=\"elementor-row\">\n\t\t\t\t\t<div class=\"elementor-column elementor-col-50 elementor-top-column elementor-element elementor-element-523db372\" data-id=\"523db372\" data-element_type=\"column\" data-settings=\"{&quot;background_background&quot;:&quot;classic&quot;}\">\n\t\t\t<div class=\"elementor-column-wrap elementor-element-populated\">\n\t\t\t\t\t\t\t<div class=\"elementor-widget-wrap\">\n\t\t\t\t\t\t<div class=\"elementor-element elementor-element-73b50eb flex-horizontal-align-default flex-horizontal-align-tablet-default flex-horizontal-align-mobile-default flex-vertical-align-default flex-vertical-align-tablet-default flex-vertical-align-mobile-default elementor-widget elementor-widget-spacer\" data-id=\"73b50eb\" data-element_type=\"widget\" data-widget_type=\"spacer.default\">\n\t\t\t\t<div class=\"elementor-widget-container\">\n\t\t\t\t\t<div class=\"elementor-spacer\">\n\t\t\t<div class=\"elementor-spacer-inner\"><\/div>\n\t\t<\/div>\n\t\t\t\t<\/div>\n\t\t\t\t<\/div>\n\t\t\t\t\t\t<\/div>\n\t\t\t\t\t<\/div>\n\t\t<\/div>\n\t\t\t\t<div class=\"elementor-column elementor-col-50 elementor-top-column elementor-element elementor-element-2690e79b\" data-id=\"2690e79b\" data-element_type=\"column\" data-settings=\"{&quot;background_background&quot;:&quot;classic&quot;}\">\n\t\t\t<div class=\"elementor-column-wrap elementor-element-populated\">\n\t\t\t\t\t\t\t<div class=\"elementor-widget-wrap\">\n\t\t\t\t\t\t<div class=\"elementor-element elementor-element-13926a4e flex-horizontal-align-default flex-horizontal-align-tablet-default flex-horizontal-align-mobile-default flex-vertical-align-default flex-vertical-align-tablet-default flex-vertical-align-mobile-default elementor-widget elementor-widget-heading\" data-id=\"13926a4e\" data-element_type=\"widget\" data-widget_type=\"heading.default\">\n\t\t\t\t<div class=\"elementor-widget-container\">\n\t\t\t<h2 class=\"elementor-heading-title elementor-size-default\">The shape of your project.<\/h2>\t\t<\/div>\n\t\t\t\t<\/div>\n\t\t\t\t<div class=\"elementor-element elementor-element-400cd449 flex-horizontal-align-default flex-horizontal-align-tablet-default flex-horizontal-align-mobile-default flex-vertical-align-default flex-vertical-align-tablet-default flex-vertical-align-mobile-default elementor-widget elementor-widget-text-editor\" data-id=\"400cd449\" data-element_type=\"widget\" data-widget_type=\"text-editor.default\">\n\t\t\t\t<div class=\"elementor-widget-container\">\n\t\t\t\t\t\t\t\t<div class=\"elementor-text-editor elementor-clearfix\">\n\t\t\t\t<p><span class=\"VIiyi\" lang=\"en\"><span class=\"JLqJ4b ChMk0b\" data-language-for-alternatives=\"en\" data-language-to-translate-into=\"it\" data-phrase-index=\"3\">V\u00e8rio can be shaped just like normal glass. This means that the use of this particular product is not limited to square, rectangular or circular shapes, but is possible in all contexts where a custom shape is required: from the shaped window to the porthole of a yacht.<\/span><\/span><\/p>\t\t\t\t\t<\/div>\n\t\t\t\t\t\t<\/div>\n\t\t\t\t<\/div>\n\t\t\t\t\t\t<\/div>\n\t\t\t\t\t<\/div>\n\t\t<\/div>\n\t\t\t\t\t\t\t\t<\/div>\n\t\t\t\t\t<\/div>\n\t\t<\/section>\n\t\t\t\t<section class=\"elementor-section elementor-top-section elementor-element elementor-element-28e7f890 elementor-section-stretched elementor-section-boxed elementor-section-height-default elementor-section-height-default\" data-id=\"28e7f890\" data-element_type=\"section\" data-settings=\"{&quot;stretch_section&quot;:&quot;section-stretched&quot;}\">\n\t\t\t\t\t\t<div class=\"elementor-container elementor-column-gap-thegem\">\n\t\t\t\t\t\t\t<div class=\"elementor-row\">\n\t\t\t\t\t<div class=\"elementor-column elementor-col-100 elementor-top-column elementor-element elementor-element-3e327885\" data-id=\"3e327885\" data-element_type=\"column\" data-settings=\"{&quot;background_background&quot;:&quot;classic&quot;}\">\n\t\t\t<div class=\"elementor-column-wrap elementor-element-populated\">\n\t\t\t\t\t\t\t<div class=\"elementor-widget-wrap\">\n\t\t\t\t\t\t<div class=\"elementor-element elementor-element-303258fb flex-horizontal-align-default flex-horizontal-align-tablet-default flex-horizontal-align-mobile-default flex-vertical-align-default flex-vertical-align-tablet-default flex-vertical-align-mobile-default elementor-widget elementor-widget-heading\" data-id=\"303258fb\" data-element_type=\"widget\" data-widget_type=\"heading.default\">\n\t\t\t\t<div class=\"elementor-widget-container\">\n\t\t\t<h2 class=\"elementor-heading-title elementor-size-xl\">V\u00e8rio, customizable LCD smartglass<\/h2>\t\t<\/div>\n\t\t\t\t<\/div>\n\t\t\t\t<section class=\"elementor-section elementor-inner-section elementor-element elementor-element-7ba23455 elementor-section-boxed elementor-section-height-default elementor-section-height-default\" data-id=\"7ba23455\" data-element_type=\"section\">\n\t\t\t\t\t\t<div class=\"elementor-container elementor-column-gap-thegem\">\n\t\t\t\t\t\t\t<div class=\"elementor-row\">\n\t\t\t\t\t<div class=\"elementor-column elementor-col-100 elementor-inner-column elementor-element elementor-element-29a9f67c\" data-id=\"29a9f67c\" data-element_type=\"column\">\n\t\t\t<div class=\"elementor-column-wrap elementor-element-populated\">\n\t\t\t\t\t\t\t<div class=\"elementor-widget-wrap\">\n\t\t\t\t\t\t<div class=\"elementor-element elementor-element-2dc4a8a7 flex-horizontal-align-default flex-horizontal-align-tablet-default flex-horizontal-align-mobile-default flex-vertical-align-default flex-vertical-align-tablet-default flex-vertical-align-mobile-default elementor-widget elementor-widget-text-editor\" data-id=\"2dc4a8a7\" data-element_type=\"widget\" data-widget_type=\"text-editor.default\">\n\t\t\t\t<div class=\"elementor-widget-container\">\n\t\t\t\t\t\t\t\t<div class=\"elementor-text-editor elementor-clearfix\">\n\t\t\t\t<p>From the yacht to the train, from the taxi to the private car, being able to hide a space, make it invisible, or simply shield yourself from direct light greatly increases the well-being of the journey and with the V\u00e9rio LCD glass this is possible.<br \/>The bathroom of a tailor-made yacht, the darkened window of the train or the car are some of the possible applications of V\u00e9rio to the transport sector which also guarantees extreme ease of sanitation.<\/p><p><strong>Benefits:<\/strong> confidentiality, personalization, hygiene, protection and variability of spaces.<\/p><p><strong>Applications:<\/strong> Windows, doors, waiting rooms, partition walls or doors, ticket offices<\/p>\t\t\t\t\t<\/div>\n\t\t\t\t\t\t<\/div>\n\t\t\t\t<\/div>\n\t\t\t\t\t\t<\/div>\n\t\t\t\t\t<\/div>\n\t\t<\/div>\n\t\t\t\t\t\t\t\t<\/div>\n\t\t\t\t\t<\/div>\n\t\t<\/section>\n\t\t\t\t<div class=\"elementor-element elementor-element-6674c0c3 elementor-widget-divider--view-line flex-horizontal-align-default flex-horizontal-align-tablet-default flex-horizontal-align-mobile-default flex-vertical-align-default flex-vertical-align-tablet-default flex-vertical-align-mobile-default elementor-widget elementor-widget-divider\" data-id=\"6674c0c3\" data-element_type=\"widget\" data-widget_type=\"divider.default\">\n\t\t\t\t<div class=\"elementor-widget-container\">\n\t\t\t\t\t<div class=\"elementor-divider\">\n\t\t\t<span class=\"elementor-divider-separator\">\n\t\t\t\t\t\t<\/span>\n\t\t<\/div>\n\t\t\t\t<\/div>\n\t\t\t\t<\/div>\n\t\t\t\t\t\t<\/div>\n\t\t\t\t\t<\/div>\n\t\t<\/div>\n\t\t\t\t\t\t\t\t<\/div>\n\t\t\t\t\t<\/div>\n\t\t<\/section>\n\t\t\t\t<section class=\"elementor-section elementor-top-section elementor-element elementor-element-35859a1 elementor-section-stretched elementor-section-full_width elementor-section-height-default elementor-section-height-default\" data-id=\"35859a1\" data-element_type=\"section\" data-settings=\"{&quot;stretch_section&quot;:&quot;section-stretched&quot;}\">\n\t\t\t\t\t\t<div class=\"elementor-container elementor-column-gap-no\">\n\t\t\t\t\t\t\t<div class=\"elementor-row\">\n\t\t\t\t\t<div class=\"elementor-column elementor-col-100 elementor-top-column elementor-element elementor-element-f996799\" data-id=\"f996799\" data-element_type=\"column\" data-settings=\"{&quot;background_background&quot;:&quot;classic&quot;}\">\n\t\t\t<div class=\"elementor-column-wrap elementor-element-populated\">\n\t\t\t\t\t\t\t<div class=\"elementor-widget-wrap\">\n\t\t\t\t\t\t<div class=\"elementor-element elementor-element-b5b42e2 flex-horizontal-align-default flex-horizontal-align-tablet-default flex-horizontal-align-mobile-default flex-vertical-align-default flex-vertical-align-tablet-default flex-vertical-align-mobile-default elementor-widget elementor-widget-thegem-cta\" data-id=\"b5b42e2\" data-element_type=\"widget\" data-settings=\"{&quot;thegem_elementor_preset&quot;:&quot;left-aligned&quot;}\" data-widget_type=\"thegem-cta.default\">\n\t\t\t\t<div class=\"elementor-widget-container\">\n\t\t\t\n<div class=\"gem-alert-box\">\n\n\t\n\t\t<div class=\"gem-alert-box-top gem-alert-box-top-none default-fill\">\n\t\t\t\t\t<\/div>\n\t\n\t<div class=\"gem-alert-inner button-right-inline\">\n\n\t\t\t\n\n\t\t\t\n\t\t\t<div class=\"gem-alert-box-content\">\n\t\t\t\t\t\t\t\t\t\n\t\t\t\t<h3 class=\"gem-cta-title title-h3 bold\">\n\t\t\t\t\tFOR MORE INORMATIONS\t\t\t\t<\/h3>\n\n\t\t\t\n\n\t\t\t\n\t\t\t\t\t<\/div>\n\n\t\t\t<div class=\"gem-alert-box-buttons\">\n\t\t\t\t\n\t\t\t\t\t\t\t\t\t\t\t<div class=\"gem-button-container-1 gem-widget-button\">\n\t\t\t\t\t\t\t\t\t\t<a class=\"gem-button gem-button-size-medium gem-button-text-weight-bold gem-button-style-flat\" href=\"https:\/\/flexlite.it\/en\/contacts\/\">\n\t\t\t\t\t\t<span class=\"gem-inner-wrapper-btn\">\n\t\t\t\t\t\t\t\t\t\t\t\t\t\t<span class=\"gem-text-button\">\n\t\t\t\t\t\t\t\tCONTACT US\t\t\t\t\t\t\t<\/span>\n\t\t\t\t\t\t<\/span>\n\t\t\t\t\t<\/a>\n\t\t\t\t<\/div>\n\t\t\t\n\t\t\t\t\t\t<\/div>\n\n\t\t\t\n\n\t<\/div>\n\n\t\n\t\t<div class=\"gem-alert-box-bottom gem-alert-box-bottom-none default-fill\">\n\t\t\t\t<\/div>\n\t<\/div>\t\t<\/div>\n\t\t\t\t<\/div>\n\t\t\t\t\t\t<\/div>\n\t\t\t\t\t<\/div>\n\t\t<\/div>\n\t\t\t\t\t\t\t\t<\/div>\n\t\t\t\t\t<\/div>\n\t\t<\/section>\n\t\t\t\t\t\t\t\t\t<\/div>\n\t\t\t<\/div>\n\t\t\t\t\t<\/div>\n\t\t","protected":false},"excerpt":{"rendered":"<p>V\u00e8rio yacht The shape of your project. V\u00e8rio can be shaped just like normal glass. This means that the use&#8230;<\/p>\n","protected":false},"author":2,"featured_media":5097,"parent":0,"menu_order":0,"comment_status":"closed","ping_status":"closed","template":"page-fullwidth.php","meta":{"footnotes":""},"class_list":["post-6391","page","type-page","status-publish","has-post-thumbnail"],"yoast_head":"<!-- This site is optimized with the Yoast SEO plugin v19.9 - https:\/\/yoast.com\/wordpress\/plugins\/seo\/ -->\n<title>V\u00e8rio yacht - V\u00e8rio Smart Glass the shape of your project.<\/title>\n<meta name=\"description\" content=\"V\u00e8rio can be shaped just like normal glass. This means that the use of this particular product is not limited to square, rectangular or circular shapes, but is possible in all contexts where a custom shape is required: from the shaped window to the porthole of a yacht.\" \/>\n<meta name=\"robots\" content=\"index, follow, max-snippet:-1, max-image-preview:large, max-video-preview:-1\" \/>\n<link rel=\"canonical\" href=\"https:\/\/flexlite.it\/en\/verio-yacht\/\" \/>\n<meta property=\"og:locale\" content=\"en_US\" \/>\n<meta property=\"og:type\" content=\"article\" \/>\n<meta property=\"og:title\" content=\"V\u00e8rio yacht - V\u00e8rio Smart Glass the shape of your project.\" \/>\n<meta property=\"og:description\" content=\"V\u00e8rio can be shaped just like normal glass. This means that the use of this particular product is not limited to square, rectangular or circular shapes, but is possible in all contexts where a custom shape is required: from the shaped window to the porthole of a yacht.\" \/>\n<meta property=\"og:url\" content=\"https:\/\/flexlite.it\/en\/verio-yacht\/\" \/>\n<meta property=\"og:site_name\" content=\"Flexlite\" \/>\n<meta property=\"article:modified_time\" content=\"2021-06-21T12:33:34+00:00\" \/>\n<meta property=\"og:image\" content=\"https:\/\/i0.wp.com\/flexlite.it\/wp-content\/uploads\/2021\/04\/Verio_8.jpg?fit=594%2C869&ssl=1\" \/>\n\t<meta property=\"og:image:width\" content=\"594\" \/>\n\t<meta property=\"og:image:height\" content=\"869\" \/>\n\t<meta property=\"og:image:type\" content=\"image\/jpeg\" \/>\n<meta name=\"twitter:card\" content=\"summary_large_image\" \/>\n<meta name=\"twitter:label1\" content=\"Est. reading time\" \/>\n\t<meta name=\"twitter:data1\" content=\"1 minute\" \/>\n<script type=\"application\/ld+json\" class=\"yoast-schema-graph\">{\"@context\":\"https:\/\/schema.org\",\"@graph\":[{\"@type\":\"WebPage\",\"@id\":\"https:\/\/flexlite.it\/en\/verio-yacht\/\",\"url\":\"https:\/\/flexlite.it\/en\/verio-yacht\/\",\"name\":\"V\u00e8rio yacht - V\u00e8rio Smart Glass the shape of your project.\",\"isPartOf\":{\"@id\":\"https:\/\/flexlite.it\/#website\"},\"datePublished\":\"2021-04-11T07:34:03+00:00\",\"dateModified\":\"2021-06-21T12:33:34+00:00\",\"description\":\"V\u00e8rio can be shaped just like normal glass. This means that the use of this particular product is not limited to square, rectangular or circular shapes, but is possible in all contexts where a custom shape is required: from the shaped window to the porthole of a yacht.\",\"breadcrumb\":{\"@id\":\"https:\/\/flexlite.it\/en\/verio-yacht\/#breadcrumb\"},\"inLanguage\":\"en-US\",\"potentialAction\":[{\"@type\":\"ReadAction\",\"target\":[\"https:\/\/flexlite.it\/en\/verio-yacht\/\"]}]},{\"@type\":\"BreadcrumbList\",\"@id\":\"https:\/\/flexlite.it\/en\/verio-yacht\/#breadcrumb\",\"itemListElement\":[{\"@type\":\"ListItem\",\"position\":1,\"name\":\"Home\",\"item\":\"https:\/\/flexlite.it\/en\/\"},{\"@type\":\"ListItem\",\"position\":2,\"name\":\"V\u00e8rio yacht\"}]},{\"@type\":\"WebSite\",\"@id\":\"https:\/\/flexlite.it\/#website\",\"url\":\"https:\/\/flexlite.it\/\",\"name\":\"Flexlite\",\"description\":\"Lighting Surfaces dal 2008\",\"potentialAction\":[{\"@type\":\"SearchAction\",\"target\":{\"@type\":\"EntryPoint\",\"urlTemplate\":\"https:\/\/flexlite.it\/?s={search_term_string}\"},\"query-input\":\"required name=search_term_string\"}],\"inLanguage\":\"en-US\"}]}<\/script>\n<!-- \/ Yoast SEO plugin. -->","yoast_head_json":{"title":"V\u00e8rio yacht - V\u00e8rio Smart Glass the shape of your project.","description":"V\u00e8rio can be shaped just like normal glass. This means that the use of this particular product is not limited to square, rectangular or circular shapes, but is possible in all contexts where a custom shape is required: from the shaped window to the porthole of a yacht.","robots":{"index":"index","follow":"follow","max-snippet":"max-snippet:-1","max-image-preview":"max-image-preview:large","max-video-preview":"max-video-preview:-1"},"canonical":"https:\/\/flexlite.it\/en\/verio-yacht\/","og_locale":"en_US","og_type":"article","og_title":"V\u00e8rio yacht - V\u00e8rio Smart Glass the shape of your project.","og_description":"V\u00e8rio can be shaped just like normal glass. This means that the use of this particular product is not limited to square, rectangular or circular shapes, but is possible in all contexts where a custom shape is required: from the shaped window to the porthole of a yacht.","og_url":"https:\/\/flexlite.it\/en\/verio-yacht\/","og_site_name":"Flexlite","article_modified_time":"2021-06-21T12:33:34+00:00","og_image":[{"width":594,"height":869,"url":"https:\/\/i0.wp.com\/flexlite.it\/wp-content\/uploads\/2021\/04\/Verio_8.jpg?fit=594%2C869&ssl=1","type":"image\/jpeg"}],"twitter_card":"summary_large_image","twitter_misc":{"Est. reading time":"1 minute"},"schema":{"@context":"https:\/\/schema.org","@graph":[{"@type":"WebPage","@id":"https:\/\/flexlite.it\/en\/verio-yacht\/","url":"https:\/\/flexlite.it\/en\/verio-yacht\/","name":"V\u00e8rio yacht - V\u00e8rio Smart Glass the shape of your project.","isPartOf":{"@id":"https:\/\/flexlite.it\/#website"},"datePublished":"2021-04-11T07:34:03+00:00","dateModified":"2021-06-21T12:33:34+00:00","description":"V\u00e8rio can be shaped just like normal glass. This means that the use of this particular product is not limited to square, rectangular or circular shapes, but is possible in all contexts where a custom shape is required: from the shaped window to the porthole of a yacht.","breadcrumb":{"@id":"https:\/\/flexlite.it\/en\/verio-yacht\/#breadcrumb"},"inLanguage":"en-US","potentialAction":[{"@type":"ReadAction","target":["https:\/\/flexlite.it\/en\/verio-yacht\/"]}]},{"@type":"BreadcrumbList","@id":"https:\/\/flexlite.it\/en\/verio-yacht\/#breadcrumb","itemListElement":[{"@type":"ListItem","position":1,"name":"Home","item":"https:\/\/flexlite.it\/en\/"},{"@type":"ListItem","position":2,"name":"V\u00e8rio yacht"}]},{"@type":"WebSite","@id":"https:\/\/flexlite.it\/#website","url":"https:\/\/flexlite.it\/","name":"Flexlite","description":"Lighting Surfaces dal 2008","potentialAction":[{"@type":"SearchAction","target":{"@type":"EntryPoint","urlTemplate":"https:\/\/flexlite.it\/?s={search_term_string}"},"query-input":"required name=search_term_string"}],"inLanguage":"en-US"}]}},"_links":{"self":[{"href":"https:\/\/flexlite.it\/en\/wp-json\/wp\/v2\/pages\/6391","targetHints":{"allow":["GET"]}}],"collection":[{"href":"https:\/\/flexlite.it\/en\/wp-json\/wp\/v2\/pages"}],"about":[{"href":"https:\/\/flexlite.it\/en\/wp-json\/wp\/v2\/types\/page"}],"author":[{"embeddable":true,"href":"https:\/\/flexlite.it\/en\/wp-json\/wp\/v2\/users\/2"}],"replies":[{"embeddable":true,"href":"https:\/\/flexlite.it\/en\/wp-json\/wp\/v2\/comments?post=6391"}],"version-history":[{"count":20,"href":"https:\/\/flexlite.it\/en\/wp-json\/wp\/v2\/pages\/6391\/revisions"}],"predecessor-version":[{"id":10971,"href":"https:\/\/flexlite.it\/en\/wp-json\/wp\/v2\/pages\/6391\/revisions\/10971"}],"wp:featuredmedia":[{"embeddable":true,"href":"https:\/\/flexlite.it\/en\/wp-json\/wp\/v2\/media\/5097"}],"wp:attachment":[{"href":"https:\/\/flexlite.it\/en\/wp-json\/wp\/v2\/media?parent=6391"}],"curies":[{"name":"wp","href":"https:\/\/api.w.org\/{rel}","templated":true}]}}